{"id":93,"date":"2022-04-24T18:53:09","date_gmt":"2022-04-24T18:53:09","guid":{"rendered":"https:\/\/corvotshirts.com\/pt\/about-2\/"},"modified":"2022-10-01T17:58:24","modified_gmt":"2022-10-01T17:58:24","slug":"about-2","status":"publish","type":"page","link":"https:\/\/corvotshirts.com\/pt\/about-2\/","title":{"rendered":"About"},"content":{"rendered":"\n<h2>Sobre n\u00f3s<\/h2>\n<p>Aqui no Corvo T-Shirts, disponibilizamos as t-shirts de filmes e videojogos que marcaram gera\u00e7\u00f5es. Estamos online desde 2013 e continuamos a crescer gra\u00e7as a voc\u00eas! Os nossos produtos s\u00e3o edi\u00e7\u00f5es limitadas, por isso n\u00e3o deixes escapar.<\/p>\n<!-- \/wp:post-content --><!-- \/wp:pagelayer\/pl_row -->https:\/\/www.youtube.com\/watch?v=eYwUtEaiygk","protected":false},"excerpt":{"rendered":"<p>https:\/\/www.youtube.com\/watch?v=eYwUtEaiygk<\/p>\n","protected":false},"author":1,"featured_media":0,"parent":0,"menu_order":0,"comment_status":"closed","ping_status":"closed","template":"","meta":{"footnotes":""},"class_list":["post-93","page","type-page","status-publish","hentry"],"_links":{"self":[{"href":"https:\/\/corvotshirts.com\/pt\/wp-json\/wp\/v2\/pages\/93","targetHints":{"allow":["GET"]}}],"collection":[{"href":"https:\/\/corvotshirts.com\/pt\/wp-json\/wp\/v2\/pages"}],"about":[{"href":"https:\/\/corvotshirts.com\/pt\/wp-json\/wp\/v2\/types\/page"}],"author":[{"embeddable":true,"href":"https:\/\/corvotshirts.com\/pt\/wp-json\/wp\/v2\/users\/1"}],"replies":[{"embeddable":true,"href":"https:\/\/corvotshirts.com\/pt\/wp-json\/wp\/v2\/comments?post=93"}],"version-history":[{"count":6,"href":"https:\/\/corvotshirts.com\/pt\/wp-json\/wp\/v2\/pages\/93\/revisions"}],"predecessor-version":[{"id":10288,"href":"https:\/\/corvotshirts.com\/pt\/wp-json\/wp\/v2\/pages\/93\/revisions\/10288"}],"wp:attachment":[{"href":"https:\/\/corvotshirts.com\/pt\/wp-json\/wp\/v2\/media?parent=93"}],"curies":[{"name":"wp","href":"https:\/\/api.w.org\/{rel}","templated":true}]}}